{"id":48,"date":"2013-10-07T11:15:38","date_gmt":"2013-10-07T11:15:38","guid":{"rendered":"http:\/\/demo.qodeinteractive.com\/subway\/?page_id=48"},"modified":"2025-04-17T06:34:40","modified_gmt":"2025-04-17T04:34:40","slug":"home","status":"publish","type":"page","link":"https:\/\/histoire.easyaccess2web.com\/vespa\/","title":{"rendered":"Club Vespa Mons"},"content":{"rendered":"<section class=\"wpb-content-wrapper\">[vc_row row_type=\u00a0\u00bbrow\u00a0\u00bb text_align=\u00a0\u00bbleft\u00a0\u00bb css_animation=\u00a0\u00bb\u00a0\u00bb][vc_column][vc_column_text]\n[\/vc_column_text][\/vc_column][\/vc_row][vc_row row_type=\u00a0\u00bbrow\u00a0\u00bb text_align=\u00a0\u00bbleft\u00a0\u00bb css_animation=\u00a0\u00bb\u00a0\u00bb][vc_column][vc_separator type=\u00a0\u00bbnormal\u00a0\u00bb color=\u00a0\u00bb#ffffff\u00a0\u00bb][\/vc_column][\/vc_row][vc_row row_type=\u00a0\u00bbrow\u00a0\u00bb text_align=\u00a0\u00bbleft\u00a0\u00bb css_animation=\u00a0\u00bb\u00a0\u00bb][vc_column]<div class=\"steps_holder\"><div class=\"steps_holder_inner\"><div class=\"circle_small step1\"><span class=\"icon-stack icon-3x\"><i class=\"icon-circle icon-stack-base\"><\/i><i class=\"icon-heart\"><\/i><\/span><a href=\"http:\/\/vespamons.wordpress.easyaccess2web.com\/events\" target=\"\"><div class=\"image_holder\"><img decoding=\"async\" src=\"https:\/\/histoire.easyaccess2web.com\/vespa\/wp-content\/uploads\/sites\/40\/2013\/11\/MG_1888.jpg\" alt=\"\" \/><\/div><\/a><\/div><div class=\"circle_small step2\"><span class=\"icon-stack icon-3x\"><i class=\"icon-circle icon-stack-base\"><\/i><i class=\"icon-star\"><\/i><\/span><a href=\"http:\/\/vespamons.wordpress.easyaccess2web.com\/events\" target=\"\"><div class=\"image_holder\"><img decoding=\"async\" src=\"https:\/\/histoire.easyaccess2web.com\/vespa\/wp-content\/uploads\/sites\/40\/2013\/12\/IMG_9621.jpg\" alt=\"\" \/><\/div><\/a><\/div><div class=\"circle_small step3\"><span class=\"icon-stack icon-3x\"><i class=\"icon-circle icon-stack-base\"><\/i><i class=\"icon-music\"><\/i><\/span><a href=\"http:\/\/vespamons.wordpress.easyaccess2web.com\/events\" target=\"\"><div class=\"image_holder\"><img decoding=\"async\" src=\"https:\/\/histoire.easyaccess2web.com\/vespa\/wp-content\/uploads\/sites\/40\/2013\/12\/IMG_9570.jpg\" alt=\"\" \/><\/div><\/a><\/div><div class=\"circle_big step4\"><span class=\"icon-stack icon-3x\"><i class=\"icon-circle icon-stack-base\"><\/i><i class=\"icon-glass\"><\/i><\/span><a href=\"http:\/\/vespamons.wordpress.easyaccess2web.com\/events\" target=\"\"><div class=\"image_holder\"><img decoding=\"async\" src=\"https:\/\/histoire.easyaccess2web.com\/vespa\/wp-content\/uploads\/sites\/40\/2013\/12\/mons1821.jpg\" alt=\"\" \/><\/div><\/a><\/div><\/div><\/div>[\/vc_column][\/vc_row][vc_row row_type=\u00a0\u00bbrow\u00a0\u00bb text_align=\u00a0\u00bbleft\u00a0\u00bb css_animation=\u00a0\u00bb\u00a0\u00bb][vc_column][vc_separator type=\u00a0\u00bbnormal\u00a0\u00bb color=\u00a0\u00bb#ffffff\u00a0\u00bb][vc_separator type=\u00a0\u00bbnormal\u00a0\u00bb color=\u00a0\u00bb#ffffff\u00a0\u00bb][\/vc_column][\/vc_row][vc_row row_type=\u00a0\u00bbrow\u00a0\u00bb text_align=\u00a0\u00bbleft\u00a0\u00bb css_animation=\u00a0\u00bb\u00a0\u00bb][vc_column][vc_separator type=\u00a0\u00bbnormal\u00a0\u00bb]<span class=\"custom_font_holder\" style=\" font-size: 37px; line-height: 35px; font-style: normal; font-weight: 26; text-decoration: none; text-align: center;\">\n<p><span style=\"color: #339966;\">DERNIERES <span style=\"color: #000000;\">NEWS<\/span><\/span><\/p>\n<\/span>[\/vc_column][\/vc_row][vc_row row_type=\u00a0\u00bbsection\u00a0\u00bb type=\u00a0\u00bbgrid\u00a0\u00bb text_align=\u00a0\u00bbleft\u00a0\u00bb video=\u00a0\u00bb\u00a0\u00bb background_color=\u00a0\u00bb#ffffff\u00a0\u00bb][vc_column]<div class='latest_post_holder'><ul><li class=\"four\"><div class=\"latest_post\"><a href=\"https:\/\/histoire.easyaccess2web.com\/vespa\/2021\/11\/07\/repas-de-cloture-de-saison-vespa-2021du-vcmb\/\"><img loading=\"lazy\" decoding=\"async\" width=\"261\" height=\"238\" src=\"https:\/\/histoire.easyaccess2web.com\/vespa\/wp-content\/uploads\/sites\/40\/2021\/11\/123-fete.png\" class=\"attachment-full size-full wp-post-image\" alt=\"\" \/><\/a><div class=\"latest_post_text\"><div class=\"latest_post_inner\"><span class=\"latest_date\"><span class=\"date\">07<\/span><span class=\"month\">Nov<\/span><\/span><h4><a href=\"https:\/\/histoire.easyaccess2web.com\/vespa\/2021\/11\/07\/repas-de-cloture-de-saison-vespa-2021du-vcmb\/\">Repas de Cl\u00f4ture de la Saison Vespa 2021du VCMB<\/a><\/h4><span class=\"latest_category\">In <a href=\"https:\/\/histoire.easyaccess2web.com\/vespa\/category\/news\/\">news<\/a> <\/span><\/div><\/div><\/div><\/li><li class=\"four\"><div class=\"latest_post\"><a href=\"https:\/\/histoire.easyaccess2web.com\/vespa\/2021\/10\/27\/balade-vcmb-comite-televie-de-quaregnon-wasmuel-25-9-21\/\"><img loading=\"lazy\" decoding=\"async\" width=\"280\" height=\"396\" src=\"https:\/\/histoire.easyaccess2web.com\/vespa\/wp-content\/uploads\/sites\/40\/2021\/10\/Balade-Vespa-Wasmuel-2021.jpg\" class=\"attachment-full size-full wp-post-image\" alt=\"\" srcset=\"https:\/\/histoire.easyaccess2web.com\/vespa\/wp-content\/uploads\/sites\/40\/2021\/10\/Balade-Vespa-Wasmuel-2021.jpg 280w, https:\/\/histoire.easyaccess2web.com\/vespa\/wp-content\/uploads\/sites\/40\/2021\/10\/Balade-Vespa-Wasmuel-2021-212x300.jpg 212w\" sizes=\"auto, (max-width: 280px) 100vw, 280px\" \/><\/a><div class=\"latest_post_text\"><div class=\"latest_post_inner\"><span class=\"latest_date\"><span class=\"date\">27<\/span><span class=\"month\">Oct<\/span><\/span><h4><a href=\"https:\/\/histoire.easyaccess2web.com\/vespa\/2021\/10\/27\/balade-vcmb-comite-televie-de-quaregnon-wasmuel-25-9-21\/\">Balade VCMB pour le Comit\u00e9 T\u00e9l\u00e9vie de Quaregnon-Wasmu\u00ebl 25.9.21<\/a><\/h4><span class=\"latest_category\">In <a href=\"https:\/\/histoire.easyaccess2web.com\/vespa\/category\/news\/\">news<\/a> <\/span><\/div><\/div><\/div><\/li><li class=\"four\"><div class=\"latest_post\"><a href=\"https:\/\/histoire.easyaccess2web.com\/vespa\/2021\/10\/27\/rallye-vc-bernissart-19-septembre-2021\/\"><img loading=\"lazy\" decoding=\"async\" width=\"1440\" height=\"915\" src=\"https:\/\/histoire.easyaccess2web.com\/vespa\/wp-content\/uploads\/sites\/40\/2021\/10\/Rallye-VC-Bernissart.1.jpg\" class=\"attachment-full size-full wp-post-image\" alt=\"\" srcset=\"https:\/\/histoire.easyaccess2web.com\/vespa\/wp-content\/uploads\/sites\/40\/2021\/10\/Rallye-VC-Bernissart.1.jpg 1440w, https:\/\/histoire.easyaccess2web.com\/vespa\/wp-content\/uploads\/sites\/40\/2021\/10\/Rallye-VC-Bernissart.1-300x191.jpg 300w, https:\/\/histoire.easyaccess2web.com\/vespa\/wp-content\/uploads\/sites\/40\/2021\/10\/Rallye-VC-Bernissart.1-1024x651.jpg 1024w, https:\/\/histoire.easyaccess2web.com\/vespa\/wp-content\/uploads\/sites\/40\/2021\/10\/Rallye-VC-Bernissart.1-768x488.jpg 768w\" sizes=\"auto, (max-width: 1440px) 100vw, 1440px\" \/><\/a><div class=\"latest_post_text\"><div class=\"latest_post_inner\"><span class=\"latest_date\"><span class=\"date\">27<\/span><span class=\"month\">Oct<\/span><\/span><h4><a href=\"https:\/\/histoire.easyaccess2web.com\/vespa\/2021\/10\/27\/rallye-vc-bernissart-19-septembre-2021\/\">Rallye VC Bernissart, le 19 septembre 2021<\/a><\/h4><span class=\"latest_category\">In <a href=\"https:\/\/histoire.easyaccess2web.com\/vespa\/category\/news\/\">news<\/a> <\/span><\/div><\/div><\/div><\/li><li class=\"four\"><div class=\"latest_post\"><a href=\"https:\/\/histoire.easyaccess2web.com\/vespa\/2021\/09\/11\/rallye-vc-bruges-2021-3e-halletoren-rit\/\"><img loading=\"lazy\" decoding=\"async\" width=\"1085\" height=\"478\" src=\"https:\/\/histoire.easyaccess2web.com\/vespa\/wp-content\/uploads\/sites\/40\/2021\/09\/Halletorenrit-VC-Bruges-2021.jpg\" class=\"attachment-full size-full wp-post-image\" alt=\"\" srcset=\"https:\/\/histoire.easyaccess2web.com\/vespa\/wp-content\/uploads\/sites\/40\/2021\/09\/Halletorenrit-VC-Bruges-2021.jpg 1085w, https:\/\/histoire.easyaccess2web.com\/vespa\/wp-content\/uploads\/sites\/40\/2021\/09\/Halletorenrit-VC-Bruges-2021-300x132.jpg 300w, https:\/\/histoire.easyaccess2web.com\/vespa\/wp-content\/uploads\/sites\/40\/2021\/09\/Halletorenrit-VC-Bruges-2021-1024x451.jpg 1024w, https:\/\/histoire.easyaccess2web.com\/vespa\/wp-content\/uploads\/sites\/40\/2021\/09\/Halletorenrit-VC-Bruges-2021-768x338.jpg 768w\" sizes=\"auto, (max-width: 1085px) 100vw, 1085px\" \/><\/a><div class=\"latest_post_text\"><div class=\"latest_post_inner\"><span class=\"latest_date\"><span class=\"date\">11<\/span><span class=\"month\">Sep<\/span><\/span><h4><a href=\"https:\/\/histoire.easyaccess2web.com\/vespa\/2021\/09\/11\/rallye-vc-bruges-2021-3e-halletoren-rit\/\">Rallye VC Bruges 2021 &#8211; 3e Halletoren Rit<\/a><\/h4><span class=\"latest_category\">In <a href=\"https:\/\/histoire.easyaccess2web.com\/vespa\/category\/news\/\">news<\/a> <\/span><\/div><\/div><\/div><\/li><\/ul><\/div>[\/vc_column][\/vc_row]\n<\/section>","protected":false},"excerpt":{"rendered":"<p>[vc_row row_type=\u00a0\u00bbrow\u00a0\u00bb text_align=\u00a0\u00bbleft\u00a0\u00bb css_animation=\u00a0\u00bb\u00a0\u00bb][vc_column][vc_column_text] [\/vc_column_text][\/vc_column][\/vc_row][vc_row row_type=\u00a0\u00bbrow\u00a0\u00bb text_align=\u00a0\u00bbleft\u00a0\u00bb css_animation=\u00a0\u00bb\u00a0\u00bb][vc_column][vc_separator type=\u00a0\u00bbnormal\u00a0\u00bb color=\u00a0\u00bb#ffffff\u00a0\u00bb][\/vc_column][\/vc_row][vc_row row_type=\u00a0\u00bbrow\u00a0\u00bb text_align=\u00a0\u00bbleft\u00a0\u00bb css_animation=\u00a0\u00bb\u00a0\u00bb][vc_column][\/vc_column][\/vc_row][vc_row row_type=\u00a0\u00bbrow\u00a0\u00bb text_align=\u00a0\u00bbleft\u00a0\u00bb css_animation=\u00a0\u00bb\u00a0\u00bb][vc_column][vc_separator type=\u00a0\u00bbnormal\u00a0\u00bb color=\u00a0\u00bb#ffffff\u00a0\u00bb][vc_separator type=\u00a0\u00bbnormal\u00a0\u00bb color=\u00a0\u00bb#ffffff\u00a0\u00bb][\/vc_column][\/vc_row][vc_row row_type=\u00a0\u00bbrow\u00a0\u00bb text_align=\u00a0\u00bbleft\u00a0\u00bb css_animation=\u00a0\u00bb\u00a0\u00bb][vc_column][vc_separator type=\u00a0\u00bbnormal\u00a0\u00bb][\/vc_column][\/vc_row][vc_row row_type=\u00a0\u00bbsection\u00a0\u00bb type=\u00a0\u00bbgrid\u00a0\u00bb text_align=\u00a0\u00bbleft\u00a0\u00bb video=\u00a0\u00bb\u00a0\u00bb background_color=\u00a0\u00bb#ffffff\u00a0\u00bb][vc_column][\/vc_column][\/vc_row]<\/p>\n","protected":false},"author":650,"featured_media":0,"parent":0,"menu_order":0,"comment_status":"open","ping_status":"open","template":"full_width.php","meta":{"footnotes":""},"class_list":["post-48","page","type-page","status-publish","hentry"],"yoast_head":"<!-- This site is optimized with the Yoast SEO plugin v27.4 - https:\/\/yoast.com\/product\/yoast-seo-wordpress\/ -->\n<title>Club Vespa Mons - vespa<\/title>\n<meta name=\"description\" content=\"Club Vespa Mons\" \/>\n<meta name=\"robots\" content=\"index, follow, max-snippet:-1, max-image-preview:large, max-video-preview:-1\" \/>\n<link rel=\"canonical\" href=\"https:\/\/histoire.easyaccess2web.com\/vespa\/\" \/>\n<meta property=\"og:locale\" content=\"fr_FR\" \/>\n<meta property=\"og:type\" content=\"article\" \/>\n<meta property=\"og:title\" content=\"Club Vespa Mons - vespa\" \/>\n<meta property=\"og:description\" content=\"Club Vespa Mons\" \/>\n<meta property=\"og:url\" content=\"https:\/\/histoire.easyaccess2web.com\/vespa\/\" \/>\n<meta property=\"og:site_name\" content=\"vespa\" \/>\n<meta property=\"article:modified_time\" content=\"2025-04-17T04:34:40+00:00\" \/>\n<meta name=\"twitter:card\" content=\"summary_large_image\" \/>\n<meta name=\"twitter:label1\" content=\"Dur\u00e9e de lecture estim\u00e9e\" \/>\n\t<meta name=\"twitter:data1\" content=\"2 minutes\" \/>\n<script type=\"application\/ld+json\" class=\"yoast-schema-graph\">{\"@context\":\"https:\\\/\\\/schema.org\",\"@graph\":[{\"@type\":\"WebPage\",\"@id\":\"https:\\\/\\\/histoire.easyaccess2web.com\\\/vespa\\\/\",\"url\":\"https:\\\/\\\/histoire.easyaccess2web.com\\\/vespa\\\/\",\"name\":\"Club Vespa Mons - vespa\",\"isPartOf\":{\"@id\":\"https:\\\/\\\/histoire.easyaccess2web.com\\\/vespa\\\/#website\"},\"datePublished\":\"2013-10-07T11:15:38+00:00\",\"dateModified\":\"2025-04-17T04:34:40+00:00\",\"description\":\"Club Vespa Mons\",\"breadcrumb\":{\"@id\":\"https:\\\/\\\/histoire.easyaccess2web.com\\\/vespa\\\/#breadcrumb\"},\"inLanguage\":\"fr-FR\",\"potentialAction\":[{\"@type\":\"ReadAction\",\"target\":[\"https:\\\/\\\/histoire.easyaccess2web.com\\\/vespa\\\/\"]}]},{\"@type\":\"BreadcrumbList\",\"@id\":\"https:\\\/\\\/histoire.easyaccess2web.com\\\/vespa\\\/#breadcrumb\",\"itemListElement\":[{\"@type\":\"ListItem\",\"position\":1,\"name\":\"Accueil\",\"item\":\"https:\\\/\\\/histoire.easyaccess2web.com\\\/vespa\\\/\"},{\"@type\":\"ListItem\",\"position\":2,\"name\":\"Club Vespa Mons\"}]},{\"@type\":\"WebSite\",\"@id\":\"https:\\\/\\\/histoire.easyaccess2web.com\\\/vespa\\\/#website\",\"url\":\"https:\\\/\\\/histoire.easyaccess2web.com\\\/vespa\\\/\",\"name\":\"vespa\",\"description\":\"\",\"potentialAction\":[{\"@type\":\"SearchAction\",\"target\":{\"@type\":\"EntryPoint\",\"urlTemplate\":\"https:\\\/\\\/histoire.easyaccess2web.com\\\/vespa\\\/?s={search_term_string}\"},\"query-input\":{\"@type\":\"PropertyValueSpecification\",\"valueRequired\":true,\"valueName\":\"search_term_string\"}}],\"inLanguage\":\"fr-FR\"}]}<\/script>\n<!-- \/ Yoast SEO plugin. -->","yoast_head_json":{"title":"Club Vespa Mons - vespa","description":"Club Vespa Mons","robots":{"index":"index","follow":"follow","max-snippet":"max-snippet:-1","max-image-preview":"max-image-preview:large","max-video-preview":"max-video-preview:-1"},"canonical":"https:\/\/histoire.easyaccess2web.com\/vespa\/","og_locale":"fr_FR","og_type":"article","og_title":"Club Vespa Mons - vespa","og_description":"Club Vespa Mons","og_url":"https:\/\/histoire.easyaccess2web.com\/vespa\/","og_site_name":"vespa","article_modified_time":"2025-04-17T04:34:40+00:00","twitter_card":"summary_large_image","twitter_misc":{"Dur\u00e9e de lecture estim\u00e9e":"2 minutes"},"schema":{"@context":"https:\/\/schema.org","@graph":[{"@type":"WebPage","@id":"https:\/\/histoire.easyaccess2web.com\/vespa\/","url":"https:\/\/histoire.easyaccess2web.com\/vespa\/","name":"Club Vespa Mons - vespa","isPartOf":{"@id":"https:\/\/histoire.easyaccess2web.com\/vespa\/#website"},"datePublished":"2013-10-07T11:15:38+00:00","dateModified":"2025-04-17T04:34:40+00:00","description":"Club Vespa Mons","breadcrumb":{"@id":"https:\/\/histoire.easyaccess2web.com\/vespa\/#breadcrumb"},"inLanguage":"fr-FR","potentialAction":[{"@type":"ReadAction","target":["https:\/\/histoire.easyaccess2web.com\/vespa\/"]}]},{"@type":"BreadcrumbList","@id":"https:\/\/histoire.easyaccess2web.com\/vespa\/#breadcrumb","itemListElement":[{"@type":"ListItem","position":1,"name":"Accueil","item":"https:\/\/histoire.easyaccess2web.com\/vespa\/"},{"@type":"ListItem","position":2,"name":"Club Vespa Mons"}]},{"@type":"WebSite","@id":"https:\/\/histoire.easyaccess2web.com\/vespa\/#website","url":"https:\/\/histoire.easyaccess2web.com\/vespa\/","name":"vespa","description":"","potentialAction":[{"@type":"SearchAction","target":{"@type":"EntryPoint","urlTemplate":"https:\/\/histoire.easyaccess2web.com\/vespa\/?s={search_term_string}"},"query-input":{"@type":"PropertyValueSpecification","valueRequired":true,"valueName":"search_term_string"}}],"inLanguage":"fr-FR"}]}},"_links":{"self":[{"href":"https:\/\/histoire.easyaccess2web.com\/vespa\/wp-json\/wp\/v2\/pages\/48","targetHints":{"allow":["GET"]}}],"collection":[{"href":"https:\/\/histoire.easyaccess2web.com\/vespa\/wp-json\/wp\/v2\/pages"}],"about":[{"href":"https:\/\/histoire.easyaccess2web.com\/vespa\/wp-json\/wp\/v2\/types\/page"}],"author":[{"embeddable":true,"href":"https:\/\/histoire.easyaccess2web.com\/vespa\/wp-json\/wp\/v2\/users\/650"}],"replies":[{"embeddable":true,"href":"https:\/\/histoire.easyaccess2web.com\/vespa\/wp-json\/wp\/v2\/comments?post=48"}],"version-history":[{"count":4,"href":"https:\/\/histoire.easyaccess2web.com\/vespa\/wp-json\/wp\/v2\/pages\/48\/revisions"}],"predecessor-version":[{"id":21245,"href":"https:\/\/histoire.easyaccess2web.com\/vespa\/wp-json\/wp\/v2\/pages\/48\/revisions\/21245"}],"wp:attachment":[{"href":"https:\/\/histoire.easyaccess2web.com\/vespa\/wp-json\/wp\/v2\/media?parent=48"}],"curies":[{"name":"wp","href":"https:\/\/api.w.org\/{rel}","templated":true}]}}