{"id":3095,"date":"2013-11-26T20:19:47","date_gmt":"2013-11-26T19:19:47","guid":{"rendered":"http:\/\/vespamons.wordpress.easyaccess2web.com\/?page_id=3095"},"modified":"2013-11-26T20:19:47","modified_gmt":"2013-11-26T19:19:47","slug":"historique-deuxieme-essai","status":"publish","type":"page","link":"https:\/\/histoire.easyaccess2web.com\/vespa\/historique-deuxieme-essai\/","title":{"rendered":"Historique du Club"},"content":{"rendered":"<p>Le Vespa Club Mons-Borinage a \u00e9t\u00e9 fond\u00e9 en 1955 et a pris fin en 1962 sous la Pr\u00e9sidence de Monsieur Georges Cartage.\u00a0 Le club a b\u00e9n\u00e9fici\u00e9 \u00e0 l&rsquo;\u00e9poque de subsides de la ville de Mons pour la r\u00e9alisation d&rsquo;un rallye de 200 Vespa et 350 participants avec la collaboration de Mons-Auto-Moto (club de Mons).<\/p>\n<p>Le Vespa Club de Mons-Borinage est devenu le \u00ab\u00a0Scooter Club Mons Borinage\u00a0\u00bb et ce, depuis octobre 2000.<\/p>\n<p>Depuis janvier 2004 nous sommes devenus Vespa club reconnu par la f\u00e9d\u00e9ration et notre appellation officielle est\u00a0 <strong>Vespa Club Mons-Borinage<\/strong>.<\/p>\n<p>&nbsp;<\/p>\n<p><a href=\"http:\/\/histoire.easyaccess2web.com\/vespa\/wp-content\/uploads\/sites\/40\/2013\/10\/historique-pic1.jpg\"><img loading=\"lazy\" decoding=\"async\" class=\"size-medium wp-image-3091 aligncenter\" src=\"http:\/\/histoire.easyaccess2web.com\/vespa\/wp-content\/uploads\/sites\/40\/2013\/10\/historique-pic1-300x221.jpg\" alt=\"historique pic1\" width=\"300\" height=\"221\" \/><\/a><\/p>\n<p>Des rassemblements nationaux et internationaux r\u00e9guliers ont lieu tr\u00e8s souvent entre clubs de diff\u00e9rentes r\u00e9gions.\u00a0 Le but du club est de regrouper les amateurs des deux roues de la c\u00e9l\u00e8bre marque et rouler tous ensemble.<\/p>\n<p>Pour ce faire, diff\u00e9rentes soci\u00e9t\u00e9s participent aux activit\u00e9s et organisent leur propre regroupement.\u00a0 Nous organisons un meeting annuel, appel\u00e9 Rallye, chaque troisi\u00e8me dimanche du mois de mai qui consiste g\u00e9n\u00e9ralement en une balade matinale, une pause libre pour un repas au choix des participants, une expo d&rsquo;anciennes Vespa, une seconde balade l&rsquo;apr\u00e8s-midi, \u00e9ventuellement une bourse de pi\u00e8ces de collection, etc.<\/p>\n<p>&nbsp;<\/p>\n<p><a href=\"http:\/\/histoire.easyaccess2web.com\/vespa\/wp-content\/uploads\/sites\/40\/2013\/10\/historique-pic2.jpg\"><img loading=\"lazy\" decoding=\"async\" class=\"size-medium wp-image-3092 aligncenter\" src=\"http:\/\/histoire.easyaccess2web.com\/vespa\/wp-content\/uploads\/sites\/40\/2013\/10\/historique-pic2-300x211.jpg\" alt=\"historique pic2\" width=\"300\" height=\"211\" \/><\/a><\/p>\n<p>Mr Georges Cartage est le 3e en partant de la gauche sur cette photo.<\/p>\n<p>Il est aussi pris en photo sur sa 1e Vespa, \u00e0 la Rue Emile Vandervelde et sur sa seconde Vespa, \u00e0\u00a0 la Rue de Ciply.<\/p>\n\n<p>&nbsp;<\/p>\n<p>&nbsp;<\/p>\n<p style=\"text-align: justify\">Le meeting 2003 comptait 52 participants, plus passionn\u00e9s les uns que les autres, venant de toutes les r\u00e9gions et m\u00eame du Nord de la France.\u00a0 C&rsquo;est dire l&rsquo;ampleur du club&#8230; (et sous une pluie hivernale !)<\/p>\n<p style=\"text-align: justify\">Vous pouvez visionner des photos d&rsquo;\u00e9poque et nous sommes d&rsquo;ailleurs toujours \u00e0 la recherche de vestiges anciens du \u00a0\u00bb Vespa club de Mons-Borinage \u00a0\u00bb des ann\u00e9es 50-60.<\/p>\n<p><a href=\"http:\/\/histoire.easyaccess2web.com\/vespa\/wp-content\/uploads\/sites\/40\/2013\/10\/historique-pic3.jpg\"><img loading=\"lazy\" decoding=\"async\" class=\"size-medium wp-image-3093 aligncenter\" src=\"http:\/\/histoire.easyaccess2web.com\/vespa\/wp-content\/uploads\/sites\/40\/2013\/10\/historique-pic3-300x196.jpg\" alt=\"historique pic3\" width=\"300\" height=\"196\" \/><\/a><\/p>\n<p>&nbsp;<\/p>\n","protected":false},"excerpt":{"rendered":"<p>Le Vespa Club Mons-Borinage a \u00e9t\u00e9 fond\u00e9 en 1955 et a pris fin en 1962 sous la Pr\u00e9sidence de Monsieur Georges Cartage.\u00a0 Le club a b\u00e9n\u00e9fici\u00e9 \u00e0 l&rsquo;\u00e9poque de subsides de la ville de Mons pour la r\u00e9alisation d&rsquo;un rallye de 200 Vespa et 350&#8230;<\/p>\n","protected":false},"author":1,"featured_media":0,"parent":0,"menu_order":0,"comment_status":"closed","ping_status":"closed","template":"","meta":{"footnotes":""},"class_list":["post-3095","page","type-page","status-publish","hentry"],"yoast_head":"<!-- This site is optimized with the Yoast SEO plugin v27.4 - https:\/\/yoast.com\/product\/yoast-seo-wordpress\/ -->\n<title>Historique du Club - vespa<\/title>\n<meta name=\"robots\" content=\"index, follow, max-snippet:-1, max-image-preview:large, max-video-preview:-1\" \/>\n<link rel=\"canonical\" href=\"https:\/\/histoire.easyaccess2web.com\/vespa\/historique-deuxieme-essai\/\" \/>\n<meta property=\"og:locale\" content=\"fr_FR\" \/>\n<meta property=\"og:type\" content=\"article\" \/>\n<meta property=\"og:title\" content=\"Historique du Club - vespa\" \/>\n<meta property=\"og:description\" content=\"Le Vespa Club Mons-Borinage a \u00e9t\u00e9 fond\u00e9 en 1955 et a pris fin en 1962 sous la Pr\u00e9sidence de Monsieur Georges Cartage.\u00a0 Le club a b\u00e9n\u00e9fici\u00e9 \u00e0 l&rsquo;\u00e9poque de subsides de la ville de Mons pour la r\u00e9alisation d&rsquo;un rallye de 200 Vespa et 350...\" \/>\n<meta property=\"og:url\" content=\"https:\/\/histoire.easyaccess2web.com\/vespa\/historique-deuxieme-essai\/\" \/>\n<meta property=\"og:site_name\" content=\"vespa\" \/>\n<meta property=\"og:image\" content=\"https:\/\/histoire.easyaccess2web.com\/vespa\/wp-content\/uploads\/sites\/40\/2013\/10\/historique-pic1.jpg\" \/>\n\t<meta property=\"og:image:width\" content=\"528\" \/>\n\t<meta property=\"og:image:height\" content=\"390\" \/>\n\t<meta property=\"og:image:type\" content=\"image\/jpeg\" \/>\n<meta name=\"twitter:card\" content=\"summary_large_image\" \/>\n<meta name=\"twitter:label1\" content=\"Dur\u00e9e de lecture estim\u00e9e\" \/>\n\t<meta name=\"twitter:data1\" content=\"2 minutes\" \/>\n<script type=\"application\/ld+json\" class=\"yoast-schema-graph\">{\"@context\":\"https:\\\/\\\/schema.org\",\"@graph\":[{\"@type\":\"WebPage\",\"@id\":\"https:\\\/\\\/histoire.easyaccess2web.com\\\/vespa\\\/historique-deuxieme-essai\\\/\",\"url\":\"https:\\\/\\\/histoire.easyaccess2web.com\\\/vespa\\\/historique-deuxieme-essai\\\/\",\"name\":\"Historique du Club - vespa\",\"isPartOf\":{\"@id\":\"https:\\\/\\\/histoire.easyaccess2web.com\\\/vespa\\\/#website\"},\"primaryImageOfPage\":{\"@id\":\"https:\\\/\\\/histoire.easyaccess2web.com\\\/vespa\\\/historique-deuxieme-essai\\\/#primaryimage\"},\"image\":{\"@id\":\"https:\\\/\\\/histoire.easyaccess2web.com\\\/vespa\\\/historique-deuxieme-essai\\\/#primaryimage\"},\"thumbnailUrl\":\"http:\\\/\\\/histoire.easyaccess2web.com\\\/vespa\\\/wp-content\\\/uploads\\\/sites\\\/40\\\/2013\\\/10\\\/historique-pic1-300x221.jpg\",\"datePublished\":\"2013-11-26T19:19:47+00:00\",\"breadcrumb\":{\"@id\":\"https:\\\/\\\/histoire.easyaccess2web.com\\\/vespa\\\/historique-deuxieme-essai\\\/#breadcrumb\"},\"inLanguage\":\"fr-FR\",\"potentialAction\":[{\"@type\":\"ReadAction\",\"target\":[\"https:\\\/\\\/histoire.easyaccess2web.com\\\/vespa\\\/historique-deuxieme-essai\\\/\"]}]},{\"@type\":\"ImageObject\",\"inLanguage\":\"fr-FR\",\"@id\":\"https:\\\/\\\/histoire.easyaccess2web.com\\\/vespa\\\/historique-deuxieme-essai\\\/#primaryimage\",\"url\":\"https:\\\/\\\/histoire.easyaccess2web.com\\\/vespa\\\/wp-content\\\/uploads\\\/sites\\\/40\\\/2013\\\/10\\\/historique-pic1.jpg\",\"contentUrl\":\"https:\\\/\\\/histoire.easyaccess2web.com\\\/vespa\\\/wp-content\\\/uploads\\\/sites\\\/40\\\/2013\\\/10\\\/historique-pic1.jpg\",\"width\":528,\"height\":390},{\"@type\":\"BreadcrumbList\",\"@id\":\"https:\\\/\\\/histoire.easyaccess2web.com\\\/vespa\\\/historique-deuxieme-essai\\\/#breadcrumb\",\"itemListElement\":[{\"@type\":\"ListItem\",\"position\":1,\"name\":\"Accueil\",\"item\":\"https:\\\/\\\/histoire.easyaccess2web.com\\\/vespa\\\/\"},{\"@type\":\"ListItem\",\"position\":2,\"name\":\"Historique du Club\"}]},{\"@type\":\"WebSite\",\"@id\":\"https:\\\/\\\/histoire.easyaccess2web.com\\\/vespa\\\/#website\",\"url\":\"https:\\\/\\\/histoire.easyaccess2web.com\\\/vespa\\\/\",\"name\":\"vespa\",\"description\":\"\",\"potentialAction\":[{\"@type\":\"SearchAction\",\"target\":{\"@type\":\"EntryPoint\",\"urlTemplate\":\"https:\\\/\\\/histoire.easyaccess2web.com\\\/vespa\\\/?s={search_term_string}\"},\"query-input\":{\"@type\":\"PropertyValueSpecification\",\"valueRequired\":true,\"valueName\":\"search_term_string\"}}],\"inLanguage\":\"fr-FR\"}]}<\/script>\n<!-- \/ Yoast SEO plugin. -->","yoast_head_json":{"title":"Historique du Club - vespa","robots":{"index":"index","follow":"follow","max-snippet":"max-snippet:-1","max-image-preview":"max-image-preview:large","max-video-preview":"max-video-preview:-1"},"canonical":"https:\/\/histoire.easyaccess2web.com\/vespa\/historique-deuxieme-essai\/","og_locale":"fr_FR","og_type":"article","og_title":"Historique du Club - vespa","og_description":"Le Vespa Club Mons-Borinage a \u00e9t\u00e9 fond\u00e9 en 1955 et a pris fin en 1962 sous la Pr\u00e9sidence de Monsieur Georges Cartage.\u00a0 Le club a b\u00e9n\u00e9fici\u00e9 \u00e0 l&rsquo;\u00e9poque de subsides de la ville de Mons pour la r\u00e9alisation d&rsquo;un rallye de 200 Vespa et 350...","og_url":"https:\/\/histoire.easyaccess2web.com\/vespa\/historique-deuxieme-essai\/","og_site_name":"vespa","og_image":[{"width":528,"height":390,"url":"https:\/\/histoire.easyaccess2web.com\/vespa\/wp-content\/uploads\/sites\/40\/2013\/10\/historique-pic1.jpg","type":"image\/jpeg"}],"twitter_card":"summary_large_image","twitter_misc":{"Dur\u00e9e de lecture estim\u00e9e":"2 minutes"},"schema":{"@context":"https:\/\/schema.org","@graph":[{"@type":"WebPage","@id":"https:\/\/histoire.easyaccess2web.com\/vespa\/historique-deuxieme-essai\/","url":"https:\/\/histoire.easyaccess2web.com\/vespa\/historique-deuxieme-essai\/","name":"Historique du Club - vespa","isPartOf":{"@id":"https:\/\/histoire.easyaccess2web.com\/vespa\/#website"},"primaryImageOfPage":{"@id":"https:\/\/histoire.easyaccess2web.com\/vespa\/historique-deuxieme-essai\/#primaryimage"},"image":{"@id":"https:\/\/histoire.easyaccess2web.com\/vespa\/historique-deuxieme-essai\/#primaryimage"},"thumbnailUrl":"http:\/\/histoire.easyaccess2web.com\/vespa\/wp-content\/uploads\/sites\/40\/2013\/10\/historique-pic1-300x221.jpg","datePublished":"2013-11-26T19:19:47+00:00","breadcrumb":{"@id":"https:\/\/histoire.easyaccess2web.com\/vespa\/historique-deuxieme-essai\/#breadcrumb"},"inLanguage":"fr-FR","potentialAction":[{"@type":"ReadAction","target":["https:\/\/histoire.easyaccess2web.com\/vespa\/historique-deuxieme-essai\/"]}]},{"@type":"ImageObject","inLanguage":"fr-FR","@id":"https:\/\/histoire.easyaccess2web.com\/vespa\/historique-deuxieme-essai\/#primaryimage","url":"https:\/\/histoire.easyaccess2web.com\/vespa\/wp-content\/uploads\/sites\/40\/2013\/10\/historique-pic1.jpg","contentUrl":"https:\/\/histoire.easyaccess2web.com\/vespa\/wp-content\/uploads\/sites\/40\/2013\/10\/historique-pic1.jpg","width":528,"height":390},{"@type":"BreadcrumbList","@id":"https:\/\/histoire.easyaccess2web.com\/vespa\/historique-deuxieme-essai\/#breadcrumb","itemListElement":[{"@type":"ListItem","position":1,"name":"Accueil","item":"https:\/\/histoire.easyaccess2web.com\/vespa\/"},{"@type":"ListItem","position":2,"name":"Historique du Club"}]},{"@type":"WebSite","@id":"https:\/\/histoire.easyaccess2web.com\/vespa\/#website","url":"https:\/\/histoire.easyaccess2web.com\/vespa\/","name":"vespa","description":"","potentialAction":[{"@type":"SearchAction","target":{"@type":"EntryPoint","urlTemplate":"https:\/\/histoire.easyaccess2web.com\/vespa\/?s={search_term_string}"},"query-input":{"@type":"PropertyValueSpecification","valueRequired":true,"valueName":"search_term_string"}}],"inLanguage":"fr-FR"}]}},"_links":{"self":[{"href":"https:\/\/histoire.easyaccess2web.com\/vespa\/wp-json\/wp\/v2\/pages\/3095","targetHints":{"allow":["GET"]}}],"collection":[{"href":"https:\/\/histoire.easyaccess2web.com\/vespa\/wp-json\/wp\/v2\/pages"}],"about":[{"href":"https:\/\/histoire.easyaccess2web.com\/vespa\/wp-json\/wp\/v2\/types\/page"}],"author":[{"embeddable":true,"href":"https:\/\/histoire.easyaccess2web.com\/vespa\/wp-json\/wp\/v2\/users\/1"}],"replies":[{"embeddable":true,"href":"https:\/\/histoire.easyaccess2web.com\/vespa\/wp-json\/wp\/v2\/comments?post=3095"}],"version-history":[{"count":0,"href":"https:\/\/histoire.easyaccess2web.com\/vespa\/wp-json\/wp\/v2\/pages\/3095\/revisions"}],"wp:attachment":[{"href":"https:\/\/histoire.easyaccess2web.com\/vespa\/wp-json\/wp\/v2\/media?parent=3095"}],"curies":[{"name":"wp","href":"https:\/\/api.w.org\/{rel}","templated":true}]}}